{"id":977,"date":"2023-11-23T16:18:23","date_gmt":"2023-11-23T15:18:23","guid":{"rendered":"https:\/\/mallonilorenzo.com\/?page_id=977"},"modified":"2024-02-08T10:11:33","modified_gmt":"2024-02-08T09:11:33","slug":"sintropie","status":"publish","type":"page","link":"https:\/\/mallonilorenzo.com\/index.php\/sintropie\/","title":{"rendered":"SINTROPIE"},"content":{"rendered":"\n<p>CODICI PER UNA COSTRUZIONE AUTOGENERATIVA<\/p>\n\n\n\n<p class=\"has-extra-small-font-size\">In fisica, i fenomeni entropici adempiscono ad un proposito di livellamento assoluto espresso nel disordine. L\u2019<strong>entropia<\/strong>, di fatti, pu\u00f2 essere interpretata come misura di grandezza dello stato caotico di un sistema isolato, all\u2019interno del quale pu\u00f2 solo aumentare. Nel caso limite del sistema universo, l\u2019entropia ci da la certezza di una tendenza del tutto verso la disgregazione totale e alla dispersione di tutta la materia e di tutta l\u2019energia verso quella che alcuni fisici definiscono come \u201cmorte termica dell\u2019universo\u201d.\u00a0\u00a0<\/p>\n\n\n\n<p class=\"has-extra-small-font-size\">A controbilanciare i moti disgregatori dell\u2019entropia, la fisica, nel corso del secolo passato, ha teorizzato una controforza che tra i vari nomi che ha avuto assegnati, ha anche quello di <strong>sintropia<\/strong>. In un universo che tende allo sbriciolamento livellatore della materia e dell\u2019energia, esistono eventi e forze che aggrumano materia ed energia temporaneamente in quell\u2019atto sintropico che chiamiamo creazione. Ci\u00f2 che \u00e8 creato, sia esso organismo, stella, pianeta, molecola o persona, nasce per\u00f2 con un destino di finitezza.<br><br>I processi sintropici associano particelle elementari della materia in forme e strutture complesse. Particelle subatomiche assemblano gli atomi di tutti gli elementi di cui \u00e8 composto l\u2019universo, gli atomi si aggregano secondo precise geometrie in <strong>molecole<\/strong>, le molecole si associano tra di loro per costruire apparati e strutture organiche ed inorganiche. Tutto l\u2019esistente \u00e8 dunque composto da unit\u00e0 fondamentali che si aggregano in cose e vite. Non vi sono particelle pi\u00f9 importanti di altre, <strong>non esistono gerarchie<\/strong>, ci sono solo forme aggregate di realt\u00e0.<\/p>\n\n\n\n<figure class=\"wp-block-image size-large is-style-default\"><img loading=\"lazy\" decoding=\"async\" width=\"1024\" height=\"498\" src=\"https:\/\/mallonilorenzo.com\/wp-content\/uploads\/2023\/11\/20230511_210421-1024x498.jpg\" alt=\"\" class=\"wp-image-978\" srcset=\"https:\/\/mallonilorenzo.com\/wp-content\/uploads\/2023\/11\/20230511_210421-1024x498.jpg 1024w, https:\/\/mallonilorenzo.com\/wp-content\/uploads\/2023\/11\/20230511_210421-300x146.jpg 300w, https:\/\/mallonilorenzo.com\/wp-content\/uploads\/2023\/11\/20230511_210421-768x373.jpg 768w, https:\/\/mallonilorenzo.com\/wp-content\/uploads\/2023\/11\/20230511_210421-1536x746.jpg 1536w, https:\/\/mallonilorenzo.com\/wp-content\/uploads\/2023\/11\/20230511_210421-2048x995.jpg 2048w, https:\/\/mallonilorenzo.com\/wp-content\/uploads\/2023\/11\/20230511_210421-1568x762.jpg 1568w\" sizes=\"auto, (max-width: 1024px) 100vw, 1024px\" \/><figcaption class=\"wp-element-caption\">molecole<\/figcaption><\/figure>\n\n\n\n<p class=\"has-extra-small-font-size\">Gli stati della materia sono quattro e andando dal pi\u00f9 caotico al pi\u00f9 ordinato si presentano come: plasmatico, gassoso, liquido e solido. Con il termine <strong>cristalli<\/strong> vengono invece definite le conformazioni della materia solida con il pi\u00f9 basso livello di entropia, interpretando dunque il miglior arrangiamento sintropico percepibile.&nbsp;<\/p>\n\n\n\n<figure class=\"wp-block-image size-large is-style-default\"><img loading=\"lazy\" decoding=\"async\" width=\"1024\" height=\"683\" src=\"http:\/\/mallonilorenzo.com\/wp-content\/uploads\/2022\/12\/LORENZO-SCULPTURES3569-1024x683.jpg\" alt=\"\" class=\"wp-image-878\" srcset=\"https:\/\/mallonilorenzo.com\/wp-content\/uploads\/2022\/12\/LORENZO-SCULPTURES3569-1024x683.jpg 1024w, https:\/\/mallonilorenzo.com\/wp-content\/uploads\/2022\/12\/LORENZO-SCULPTURES3569-300x200.jpg 300w, https:\/\/mallonilorenzo.com\/wp-content\/uploads\/2022\/12\/LORENZO-SCULPTURES3569-768x512.jpg 768w, https:\/\/mallonilorenzo.com\/wp-content\/uploads\/2022\/12\/LORENZO-SCULPTURES3569-1536x1024.jpg 1536w, https:\/\/mallonilorenzo.com\/wp-content\/uploads\/2022\/12\/LORENZO-SCULPTURES3569-1568x1045.jpg 1568w, https:\/\/mallonilorenzo.com\/wp-content\/uploads\/2022\/12\/LORENZO-SCULPTURES3569.jpg 1800w\" sizes=\"auto, (max-width: 1024px) 100vw, 1024px\" \/><figcaption class=\"wp-element-caption\">cristalli<\/figcaption><\/figure>\n\n\n\n<p class=\"has-extra-small-font-size\">I fenomeni sintropici sono stati <strong>temporanei<\/strong>, come la vita, le comunit\u00e0 e i sistemi sociali. Un esempio estratto dalle scienze biologiche \u00e8 ben descritto dai processi metabolici del regno organico, dove i<strong> processi catabolici<\/strong> di decomposizione dei corpi organici dopo la loro morte vengono contrappesati dai<strong> processi anabolici<\/strong> in cui le energie disperse dell\u2019universo vengono concentrate in un punto dello spazio e si sintetizzano in quelle unit\u00e0 fondamentali di vita chiamate biomolecole.&nbsp;<\/p>\n\n\n\n<p class=\"has-extra-small-font-size\">Dunque veniamo dal caos e al caos torneremo. Le manifestazioni di ci\u00f2 che chiamiamo <strong>vita<\/strong> non sono altro che isole che formano arcipelaghi sintropici in un oceano di entropia e destinate a dissolversi come bolle d\u2019aria sulla superficie dell\u2019acqua. <strong>L\u2019entropia \u00e8 totale<\/strong>, totalizzante ed ovunque, da sempre e per sempre. I corpi invece, siano essi organici, sintetici o minerali, non sono che temporanei: vengono plasmati dall\u2019informe e acquisiscono un ordine seguendo regole universali (quando \u00e8 la natura a crearli) o soggettive (quando \u00e8 un individuo o un gruppo a crearli).&nbsp;<\/p>\n\n\n\n<p class=\"has-extra-small-font-size\">Cos\u00ec mentre<strong> le sintropie sono molteplici<\/strong>, l\u2019entropia resta unica, e il suo freddo ventre \u00e8 perennemente gravido di nuove calde sintropie che a lei sono destinate a tornare in un continuo rimpasto di energia e materia che la accresce incessantemente.\u00a0\u00a0<\/p>\n\n\n\n<p class=\"has-extra-small-font-size\">Interessante dei fenomeni sintropici \u00e8 la loro peculiare natura sinergica che li rende attuabili solo in presenza di <strong>dinamiche di cooperazione<\/strong> tra le parti, in contrasto alle forze disgreganti dell\u2019universo, generando stati per i quali l\u2019azione di gruppo \u00e8 favorita rispetto a quella del singolo.\u00a0<\/p>\n\n\n\n<p class=\"has-extra-small-font-size\">Estraendo tali principi dall\u2019ambito fisico e convogliandoli in quello artistico, l\u2019atto creativo si fa dunque equo e collettivo sfuggendo alle mitologie dell\u2019autorialit\u00e0. Ogni opera sintropica \u00e8 sia assemblaggio di parti uguali tra loro che prassi partecipata da molteplici individui disponibili ad investire ingegno e lavoro. In entrambi i casi \u00e8 rivelata la capacit\u00e0 gestaltica di cooperazione tra pari per la nascita di un qualcosa che \u00e8 maggiore della loro mera aggregata sommatoria di individualit\u00e0. Tale operazione di traslazione sinestetica dei significati dedotti dalla fisica verso l\u2019arte, necessita di un\u2019importante flessione cognitiva per comprenderne le possibilit\u00e0 senza farsi spaventare dalla perdita di soggettivit\u00e0, dal decadere della propriet\u00e0 intellettuale e dell&#8217;esclusivit\u00e0 dell\u2019estro creativo.<\/p>\n\n\n\n<figure class=\"wp-block-image size-large is-style-default\"><img loading=\"lazy\" decoding=\"async\" width=\"1000\" height=\"750\" src=\"https:\/\/mallonilorenzo.com\/wp-content\/uploads\/2023\/11\/IMG_4387-bnw_1-edited.jpg\" alt=\"\" class=\"wp-image-981\" srcset=\"https:\/\/mallonilorenzo.com\/wp-content\/uploads\/2023\/11\/IMG_4387-bnw_1-edited.jpg 1000w, https:\/\/mallonilorenzo.com\/wp-content\/uploads\/2023\/11\/IMG_4387-bnw_1-edited-300x225.jpg 300w, https:\/\/mallonilorenzo.com\/wp-content\/uploads\/2023\/11\/IMG_4387-bnw_1-edited-768x576.jpg 768w\" sizes=\"auto, (max-width: 1000px) 100vw, 1000px\" \/><\/figure>\n\n\n\n<figure class=\"wp-block-image size-large is-style-default\"><img loading=\"lazy\" decoding=\"async\" width=\"1024\" height=\"683\" src=\"http:\/\/mallonilorenzo.com\/wp-content\/uploads\/2023\/10\/IMG_2639-1024x683.jpg\" alt=\"\" class=\"wp-image-928\" srcset=\"https:\/\/mallonilorenzo.com\/wp-content\/uploads\/2023\/10\/IMG_2639-1024x683.jpg 1024w, https:\/\/mallonilorenzo.com\/wp-content\/uploads\/2023\/10\/IMG_2639-300x200.jpg 300w, https:\/\/mallonilorenzo.com\/wp-content\/uploads\/2023\/10\/IMG_2639-768x512.jpg 768w, https:\/\/mallonilorenzo.com\/wp-content\/uploads\/2023\/10\/IMG_2639-1536x1024.jpg 1536w, https:\/\/mallonilorenzo.com\/wp-content\/uploads\/2023\/10\/IMG_2639-2048x1365.jpg 2048w, https:\/\/mallonilorenzo.com\/wp-content\/uploads\/2023\/10\/IMG_2639-1568x1045.jpg 1568w\" sizes=\"auto, (max-width: 1024px) 100vw, 1024px\" \/><\/figure>\n\n\n\n<figure class=\"wp-block-gallery has-nested-images columns-default is-cropped wp-block-gallery-4 is-layout-flex wp-block-gallery-is-layout-flex\">\n<figure class=\"wp-block-image size-large is-style-rounded is-style-rounded--1\"><img loading=\"lazy\" decoding=\"async\" width=\"498\" height=\"1024\" data-id=\"908\" src=\"https:\/\/mallonilorenzo.com\/wp-content\/uploads\/2023\/10\/0-20230706_132215-498x1024.jpg\" alt=\"\" class=\"wp-image-908\" srcset=\"https:\/\/mallonilorenzo.com\/wp-content\/uploads\/2023\/10\/0-20230706_132215-498x1024.jpg 498w, https:\/\/mallonilorenzo.com\/wp-content\/uploads\/2023\/10\/0-20230706_132215-146x300.jpg 146w, https:\/\/mallonilorenzo.com\/wp-content\/uploads\/2023\/10\/0-20230706_132215-768x1581.jpg 768w, https:\/\/mallonilorenzo.com\/wp-content\/uploads\/2023\/10\/0-20230706_132215-746x1536.jpg 746w, https:\/\/mallonilorenzo.com\/wp-content\/uploads\/2023\/10\/0-20230706_132215-995x2048.jpg 995w, https:\/\/mallonilorenzo.com\/wp-content\/uploads\/2023\/10\/0-20230706_132215-1568x3227.jpg 1568w, https:\/\/mallonilorenzo.com\/wp-content\/uploads\/2023\/10\/0-20230706_132215-scaled.jpg 1244w\" sizes=\"auto, (max-width: 498px) 100vw, 498px\" \/><\/figure>\n\n\n\n<figure class=\"wp-block-image size-large is-style-rounded is-style-rounded--2\"><img loading=\"lazy\" decoding=\"async\" width=\"683\" height=\"1024\" data-id=\"933\" src=\"https:\/\/mallonilorenzo.com\/wp-content\/uploads\/2023\/10\/IMG_2751-683x1024.jpg\" alt=\"\" class=\"wp-image-933\" srcset=\"https:\/\/mallonilorenzo.com\/wp-content\/uploads\/2023\/10\/IMG_2751-683x1024.jpg 683w, https:\/\/mallonilorenzo.com\/wp-content\/uploads\/2023\/10\/IMG_2751-200x300.jpg 200w, https:\/\/mallonilorenzo.com\/wp-content\/uploads\/2023\/10\/IMG_2751-768x1152.jpg 768w, https:\/\/mallonilorenzo.com\/wp-content\/uploads\/2023\/10\/IMG_2751-1024x1536.jpg 1024w, https:\/\/mallonilorenzo.com\/wp-content\/uploads\/2023\/10\/IMG_2751-1365x2048.jpg 1365w, https:\/\/mallonilorenzo.com\/wp-content\/uploads\/2023\/10\/IMG_2751-1568x2352.jpg 1568w, https:\/\/mallonilorenzo.com\/wp-content\/uploads\/2023\/10\/IMG_2751-scaled.jpg 1707w\" sizes=\"auto, (max-width: 683px) 100vw, 683px\" \/><\/figure>\n\n\n\n<figure class=\"wp-block-image size-large is-style-rounded is-style-rounded--3\"><img loading=\"lazy\" decoding=\"async\" width=\"682\" height=\"1024\" data-id=\"849\" src=\"https:\/\/mallonilorenzo.com\/wp-content\/uploads\/2022\/09\/IMG_9107-1-682x1024.jpg\" alt=\"\" class=\"wp-image-849\" srcset=\"https:\/\/mallonilorenzo.com\/wp-content\/uploads\/2022\/09\/IMG_9107-1-682x1024.jpg 682w, https:\/\/mallonilorenzo.com\/wp-content\/uploads\/2022\/09\/IMG_9107-1-200x300.jpg 200w, https:\/\/mallonilorenzo.com\/wp-content\/uploads\/2022\/09\/IMG_9107-1-768x1152.jpg 768w, https:\/\/mallonilorenzo.com\/wp-content\/uploads\/2022\/09\/IMG_9107-1-1024x1536.jpg 1024w, https:\/\/mallonilorenzo.com\/wp-content\/uploads\/2022\/09\/IMG_9107-1.jpg 1333w\" sizes=\"auto, (max-width: 682px) 100vw, 682px\" \/><\/figure>\n<\/figure>\n","protected":false},"excerpt":{"rendered":"<p>CODICI PER UNA COSTRUZIONE AUTOGENERATIVA In fisica, i fenomeni entropici adempiscono ad un proposito di livellamento assoluto espresso nel disordine. L\u2019entropia, di fatti, pu\u00f2 essere interpretata come misura di grandezza dello stato caotico di un sistema isolato, all\u2019interno del quale pu\u00f2 solo aumentare. Nel caso limite del sistema universo, l\u2019entropia ci da la certezza di [&hellip;]<\/p>\n","protected":false},"author":1,"featured_media":0,"parent":0,"menu_order":0,"comment_status":"closed","ping_status":"closed","template":"","meta":{"footnotes":""},"class_list":["post-977","page","type-page","status-publish","hentry"],"_links":{"self":[{"href":"https:\/\/mallonilorenzo.com\/index.php\/wp-json\/wp\/v2\/pages\/977","targetHints":{"allow":["GET"]}}],"collection":[{"href":"https:\/\/mallonilorenzo.com\/index.php\/wp-json\/wp\/v2\/pages"}],"about":[{"href":"https:\/\/mallonilorenzo.com\/index.php\/wp-json\/wp\/v2\/types\/page"}],"author":[{"embeddable":true,"href":"https:\/\/mallonilorenzo.com\/index.php\/wp-json\/wp\/v2\/users\/1"}],"replies":[{"embeddable":true,"href":"https:\/\/mallonilorenzo.com\/index.php\/wp-json\/wp\/v2\/comments?post=977"}],"version-history":[{"count":6,"href":"https:\/\/mallonilorenzo.com\/index.php\/wp-json\/wp\/v2\/pages\/977\/revisions"}],"predecessor-version":[{"id":1020,"href":"https:\/\/mallonilorenzo.com\/index.php\/wp-json\/wp\/v2\/pages\/977\/revisions\/1020"}],"wp:attachment":[{"href":"https:\/\/mallonilorenzo.com\/index.php\/wp-json\/wp\/v2\/media?parent=977"}],"curies":[{"name":"wp","href":"https:\/\/api.w.org\/{rel}","templated":true}]}}